{"id":362,"date":"2023-12-09T01:39:52","date_gmt":"2023-12-09T01:39:52","guid":{"rendered":"https:\/\/www.csr-report.net\/?page_id=362"},"modified":"2024-10-21T11:14:20","modified_gmt":"2024-10-21T11:14:20","slug":"submit-a-report","status":"publish","type":"page","link":"https:\/\/www.csr-report.net\/de\/submit-a-report\/","title":{"rendered":"Submit a report"},"content":{"rendered":"<h1>Submit your own reports<\/h1>\n<div>\n<p>Did your company recently publish a report that you are still missing in our index? You can use this form to submit your report. After approval, you will be notified when the report is published.<\/p>\n<\/div>\n<p>[cloud-upload]<\/p>\n<h2>Info about the report<\/h2>\n<h2>Contact-Info<\/h2>\n<h2>Adress for Invoice<\/h2>\n<h2>Payment information<\/h2>\n<div>\n<p>To cover the administrative costs and keep CSR-Report.net free of advertisement, we are charging a one-time-fee of 99,-\u20ac per report (including taxes).<\/p>\n<p>After your report has been approved, we will send an invoice with the payment details.<\/p>\n<\/div>\n<p><!--more--><br \/>\n<!-- {\"type\":\"layout\",\"children\":[{\"type\":\"section\",\"props\":{\"image_position\":\"center-center\",\"style\":\"primary\",\"title_breakpoint\":\"xl\",\"title_position\":\"top-left\",\"title_rotation\":\"left\",\"vertical_align\":\"middle\",\"width\":\"default\"},\"children\":[{\"type\":\"row\",\"children\":[{\"type\":\"column\",\"props\":{\"image_position\":\"center-center\",\"position_sticky_breakpoint\":\"m\",\"width_medium\":\"2-3\"},\"children\":[{\"type\":\"headline\",\"props\":{\"content\":\"Submit your own reports\",\"content_de_de\":\"Einen neuen Bericht einreichen\",\"title_element\":\"h1\"}},{\"type\":\"text\",\"props\":{\"column_breakpoint\":\"m\",\"content\":\"\n\n<p>Did your company recently publish a report that you are still missing in our index? You can use this form to submit your report. After approval, you will be notified when the report is published.<\\\/p>\",\"content_de_de\":\"Hat Ihr Unternehmen k\\u00fcrzlich einen Bericht ver\\u00f6ffentlicht, der noch in unserem Index fehlt? Sie k\\u00f6nnen dieses Formular verwenden, um Ihren Bericht einzureichen. Nach der Genehmigung werden Sie benachrichtigt, wenn der Bericht ver\\u00f6ffentlicht wird.\",\"margin\":\"default\"}}]},{\"type\":\"column\",\"props\":{\"image_position\":\"center-center\",\"position_sticky_breakpoint\":\"m\",\"width_medium\":\"1-3\"},\"children\":[{\"type\":\"icon\",\"props\":{\"icon\":\"cloud-upload\",\"icon_width\":\"100\",\"margin\":\"default\",\"text_align\":\"right\"}}]}],\"props\":{\"layout\":\"2-3,1-3\"}}]},{\"type\":\"section\",\"props\":{\"image_position\":\"center-center\",\"style\":\"default\",\"title_breakpoint\":\"xl\",\"title_position\":\"top-left\",\"title_rotation\":\"left\",\"vertical_align\":\"middle\",\"width\":\"default\",\"yooessentials_form\":{\"state\":true,\"after_submit_actions\":[{\"id\":\"28DA85\",\"type\":\"email\",\"props\":{\"html\":true,\"attachments\":[null],\"submitted_attachments\":[null],\"subject\":\"New report submission\",\"recipients\":\"markus@pfahler-bauer.com\",\"body\":\"\n\n<h2>Contact<\\\/h2>\\n\n\n<p>Name: {name}<\\\/p>\\n\n\n<p>E-Mail: {email}<\\\/p>\\n\n\n<p>{newsletter}<\\\/p>\\n\n\n<h2>Company<\\\/h2>\\n\n\n<p>Name: {reportcompany}<\\\/p>\\n\n\n<p>Year: {reportyear}<\\\/p>\\n\n\n<p>URL: {reporturl}<\\\/p>\\n\n\n<p>Industry: {reportindustry}<\\\/p>\\n\n\n<h3>Invoice Information:<\\\/h3>\\n\n\n<p>{invoicerecipient}<\\\/p>\\n\n\n<p>{invoicestreet}<\\\/p>\\n\n\n<p>{invoicecity}<\\\/p>\\n\n\n<p>{invoicecountry}<\\\/p>\\n\n\n<p>{invoicevat}<\\\/p>\",\"reply_tos\":\"{email}\"}},{\"id\":\"230A08\",\"type\":\"message\",\"props\":{\"content\":\"\n\n<p><strong>Thank you for the submission of your report!<\\\/strong><\\\/p>\\n\n\n<p><br \\\/>We will manually check each submission. You will receive an E-Mail about the status in the next 48 hours.<\\\/p>\"}}],\"html5validation\":true,\"reset_after_submit\":true,\"override_action_url\":false,\"action_method\":\"POST\"}},\"children\":[{\"type\":\"row\",\"props\":{\"layout\":\"1-2,1-2\"},\"children\":[{\"type\":\"column\",\"props\":{\"image_position\":\"center-center\",\"position_sticky_breakpoint\":\"m\",\"width_medium\":\"1-2\"},\"children\":[{\"type\":\"headline\",\"props\":{\"content\":\"Info about the report\",\"content_de_de\":\"Infos zum  Bericht\",\"title_element\":\"h2\"}},{\"type\":\"yooessentials_form_input\",\"props\":{\"control_icon_align\":\"left\",\"grid_column_gap\":\"small\",\"grid_columns_number\":\"1-2@m\",\"grid_row_gap\":\"small\",\"margin\":\"default\",\"show_icon\":true,\"show_label\":true},\"children\":[{\"type\":\"yooessentials_form_input_text\",\"props\":{\"control_icon\":\"file-text\",\"control_id_inherit\":true,\"control_name\":\"reportcompany\",\"control_placeholder\":\"Name of the company*\",\"control_placeholder_de_de\":\"Name des Unternehmen*\",\"control_required\":true}},{\"type\":\"yooessentials_form_input_number\",\"props\":{\"control_icon\":\"calendar\",\"control_id_inherit\":true,\"control_name\":\"reportyear\",\"control_placeholder\":\"Year of the report*\",\"control_placeholder_de_de\":\"Jahr des Berichts\",\"control_required\":true}}]},{\"type\":\"yooessentials_form_input\",\"props\":{\"control_icon_align\":\"left\",\"grid_column_gap\":\"small\",\"grid_columns_number\":\"auto\",\"grid_row_gap\":\"small\",\"margin\":\"default\",\"show_icon\":true,\"show_label\":true},\"children\":[{\"type\":\"yooessentials_form_input_text\",\"props\":{\"control_icon\":\"world\",\"control_id_inherit\":true,\"control_name\":\"reporturl\",\"control_placeholder\":\"URL of the report*\",\"control_placeholder_de_de\":\"URL des Berichts*\",\"control_required\":true}}]},{\"type\":\"yooessentials_form_select\",\"props\":{\"control_id_inherit\":true,\"control_multiple\":false,\"control_name\":\"reportindustry\",\"control_required\":true,\"margin\":\"default\"},\"children\":[{\"type\":\"yooessentials_form_option\",\"props\":{\"disabled\":false},\"source\":{\"query\":{\"name\":\"industriess.customIndustriess\",\"arguments\":{\"id\":0,\"offset\":0,\"limit\":100,\"order\":\"term_order\",\"order_direction\":\"ASC\"}},\"props\":{\"value\":{\"filters\":{\"search\":\"\"},\"name\":\"name\"}}}},{\"type\":\"yooessentials_form_option\",\"props\":{\"disabled\":true,\"text\":\"\n\n<p>Select the industry<\\\/p>\"}}]}]},{\"type\":\"column\",\"props\":{\"image_position\":\"center-center\",\"position_sticky_breakpoint\":\"m\",\"width_medium\":\"1-2\"},\"children\":[{\"type\":\"headline\",\"props\":{\"content\":\"Contact-Info\",\"content_de_de\":\"Kontakt-Informationen\",\"title_element\":\"h2\"}},{\"type\":\"yooessentials_form_input\",\"props\":{\"control_icon_align\":\"left\",\"grid_column_gap\":\"small\",\"grid_columns_number\":\"1-2@m\",\"grid_row_gap\":\"small\",\"margin\":\"default\",\"show_icon\":true,\"show_label\":true},\"children\":[{\"type\":\"yooessentials_form_input_text\",\"props\":{\"control_icon\":\"user\",\"control_id_inherit\":true,\"control_name\":\"name\",\"control_placeholder\":\"Your Name*\",\"control_placeholder_de_de\":\"Ihr Name*\",\"control_required\":true}},{\"type\":\"yooessentials_form_input_email\",\"props\":{\"control_icon\":\"mail\",\"control_id_inherit\":true,\"control_name\":\"email\",\"control_placeholder\":\"Your E-Mail*\",\"control_placeholder_de_de\":\"Ihre E-Mail*\",\"control_required\":true}}]},{\"type\":\"yooessentials_form_checkbox\",\"props\":{\"control_id_inherit\":true,\"control_layout\":\"vertical\",\"control_name\":\"newsletter\",\"control_value\":\"The user wants to subscribe to the newsletter\",\"margin\":\"default\",\"margin_remove_bottom\":true},\"children\":[{\"type\":\"yooessentials_form_option\",\"props\":{\"disabled\":false,\"text_de_de\":\"\n\n<p>Ich m\\u00f6chte den Newsletter abonnieren (optional)<\\\/p>\",\"value\":\"I want to subscribe to the newsletter (optional)\"}}]},{\"type\":\"yooessentials_form_checkbox\",\"props\":{\"control_id_inherit\":true,\"control_layout\":\"vertical\",\"control_name\":\"privacy policy\",\"control_required\":true,\"margin\":\"remove-vertical\",\"margin_remove_top\":true},\"children\":[{\"type\":\"yooessentials_form_option\",\"props\":{\"disabled\":false,\"text_de_de\":\"\n\n<p>Ich habe die Datenschutzerkl\\u00e4rung gelesen und akzeptiere sie*<\\\/p>\",\"value\":\"I have read and accept the privacy policy*\"}}]},{\"type\":\"yooessentials_form_checkbox\",\"props\":{\"control_id_inherit\":true,\"control_layout\":\"vertical\",\"control_name\":\"gebuehr\",\"control_required\":true,\"margin\":\"remove-vertical\",\"margin_remove_top\":true},\"children\":[{\"type\":\"yooessentials_form_option\",\"props\":{\"disabled\":false,\"text_de_de\":\"\n\n<p>Ich akzeptiere die <a href=\\\"https:\\\/\\\/www.csr-report.net\\\/de\\\/general-terms-and-conditions\\\/\\\">Allgemeinen Gesch\\u00e4ftsbedingungen<\\\/a>*<\\\/p>\",\"value\":\"I accept the <a href=\\\"https:\\\/\\\/www.csr-report.net\\\/en\\\/general-terms-and-conditions\\\/\\\">general terms and conditions<\\\/a>*\"}}]},{\"type\":\"yooessentials_form_recaptcha\",\"props\":{\"control_action\":\"yoothemepro_form_submit\",\"control_badge_position\":\"bottomright\",\"control_secret_key\":\"6LcNp2cqAAAAAKxg4sn0BF3doIpYrNim_9Fe6kDY\",\"control_site_key\":\"6LcNp2cqAAAAAKYGNyp2JUxCU94mB0Jt9dzHLHhJ\",\"control_size\":\"normal\",\"control_theme\":\"light\",\"control_threshold\":\"0.5\",\"control_type\":\"v3\",\"margin\":\"default\",\"recaptcha_version\":\"v2\"}}]}]},{\"type\":\"row\",\"props\":{\"layout\":\"1-2,1-2\"},\"children\":[{\"type\":\"column\",\"props\":{\"image_position\":\"center-center\",\"position_sticky_breakpoint\":\"m\",\"width_medium\":\"1-2\"},\"children\":[{\"type\":\"headline\",\"props\":{\"content\":\"Adress for Invoice\",\"content_de_de\":\"Rechnungsadresse\",\"title_element\":\"h2\"}},{\"type\":\"yooessentials_form_input\",\"props\":{\"control_icon_align\":\"left\",\"grid_column_gap\":\"small\",\"grid_columns_number\":\"1-1@m\",\"grid_row_gap\":\"small\",\"margin\":\"default\",\"show_icon\":true,\"show_label\":true},\"children\":[{\"type\":\"yooessentials_form_input_text\",\"props\":{\"control_id_inherit\":true,\"control_name\":\"invoicerecipient\",\"control_placeholder\":\"Invoice recipient*\",\"control_placeholder_de_de\":\"Rechnungsempf\\u00e4nger*\",\"control_required\":true}},{\"type\":\"yooessentials_form_input_text\",\"props\":{\"control_id_inherit\":true,\"control_name\":\"invoicestreet\",\"control_placeholder\":\"Street & Street Number*\",\"control_placeholder_de_de\":\"Stra\\u00dfe & Hausnummer*\",\"control_required\":true}},{\"type\":\"yooessentials_form_input_text\",\"props\":{\"control_id_inherit\":true,\"control_name\":\"invoicecity\",\"control_placeholder\":\"City & Postal Code*\",\"control_placeholder_de_de\":\"Ort & PLZ*\",\"control_required\":true}},{\"type\":\"yooessentials_form_input_text\",\"props\":{\"control_id_inherit\":true,\"control_name\":\"invoicecountry\",\"control_placeholder\":\"Country*\",\"control_placeholder_de_de\":\"Land*\",\"control_required\":true}},{\"type\":\"yooessentials_form_input_text\",\"props\":{\"control_id_inherit\":true,\"control_name\":\"invoicevat\",\"control_placeholder\":\"Vat-ID (optional)\",\"control_placeholder_de_de\":\"Umsatzsteuer-ID (optional)\"}}]}]},{\"type\":\"column\",\"props\":{\"image_position\":\"center-center\",\"position_sticky_breakpoint\":\"m\",\"width_medium\":\"1-2\"},\"children\":[{\"type\":\"headline\",\"props\":{\"content\":\"Payment information\",\"content_de_de\":\"Zahlungsinformationen\",\"title_element\":\"h2\"}},{\"type\":\"text\",\"props\":{\"column_breakpoint\":\"m\",\"content\":\"\n\n<p>To cover the administrative costs and keep CSR-Report.net free of advertisement, we are charging a one-time-fee of 99,-\\u20ac per report (including taxes).<\\\/p>\\n\n\n<p>After your report has been approved, we will send an invoice with the payment details.<\\\/p>\",\"content_de_de\":\"\n\n<p>Um die Bearbeitungskosten zu decken und CSR-Report.net werbefrei zu halten, erheben wir eine einmalige Geb\\u00fchr von 99,-\\u20ac pro Bericht (inklusive Steuern).<\\\/p>\\n\n\n<p>Nachdem Ihr Bericht genehmigt wurde, senden wir Ihnen eine Rechnung mit den Zahlungsmodalit\\u00e4ten.<\\\/p>\",\"margin\":\"default\"}},{\"type\":\"yooessentials_form_button\",\"props\":{\"grid_column_gap\":\"small\",\"grid_row_gap\":\"small\",\"margin\":\"default\",\"text_align\":\"right\"},\"children\":[{\"type\":\"yooessentials_form_button_item\",\"props\":{\"button_style\":\"default\",\"content\":\"Submit your report\",\"content_de_de\":\"Bericht einreichen\",\"icon\":\"cloud-upload\",\"icon_align\":\"left\"}}]}]}]}],\"formid\":\"2545282b\"}],\"version\":\"4.3.13\",\"yooessentialsVersion\":\"2.2.19\"} --><\/p>\n","protected":false},"excerpt":{"rendered":"<p>Einen neuen Bericht einreichen Hat Ihr Unternehmen k\u00fcrzlich einen Bericht ver\u00f6ffentlicht, der noch in unserem Index fehlt? Sie k\u00f6nnen dieses Formular verwenden, um Ihren Bericht einzureichen. Nach der Genehmigung werden Sie benachrichtigt, wenn der Bericht ver\u00f6ffentlicht wird. [cloud-upload] Infos zum Bericht Kontakt-Informationen Rechnungsadresse Zahlungsinformationen Um die Bearbeitungskosten zu decken und CSR-Report.net werbefrei zu halten, erheben [&hellip;]<\/p>\n","protected":false},"author":1,"featured_media":0,"parent":0,"menu_order":0,"comment_status":"closed","ping_status":"closed","template":"","meta":{"_acf_changed":false,"advanced_seo_description":"","jetpack_seo_html_title":"","jetpack_seo_noindex":false,"footnotes":""},"class_list":["post-362","page","type-page","status-publish","hentry"],"acf":[],"jetpack_sharing_enabled":true,"_links":{"self":[{"href":"https:\/\/www.csr-report.net\/de\/wp-json\/wp\/v2\/pages\/362","targetHints":{"allow":["GET"]}}],"collection":[{"href":"https:\/\/www.csr-report.net\/de\/wp-json\/wp\/v2\/pages"}],"about":[{"href":"https:\/\/www.csr-report.net\/de\/wp-json\/wp\/v2\/types\/page"}],"author":[{"embeddable":true,"href":"https:\/\/www.csr-report.net\/de\/wp-json\/wp\/v2\/users\/1"}],"replies":[{"embeddable":true,"href":"https:\/\/www.csr-report.net\/de\/wp-json\/wp\/v2\/comments?post=362"}],"version-history":[{"count":38,"href":"https:\/\/www.csr-report.net\/de\/wp-json\/wp\/v2\/pages\/362\/revisions"}],"predecessor-version":[{"id":993,"href":"https:\/\/www.csr-report.net\/de\/wp-json\/wp\/v2\/pages\/362\/revisions\/993"}],"wp:attachment":[{"href":"https:\/\/www.csr-report.net\/de\/wp-json\/wp\/v2\/media?parent=362"}],"curies":[{"name":"wp","href":"https:\/\/api.w.org\/{rel}","templated":true}]}}